{"id":4469,"date":"2026-01-14T13:29:14","date_gmt":"2026-01-14T11:29:14","guid":{"rendered":"https:\/\/stella.medialuotsidemot.fi\/?page_id=4469"},"modified":"2026-03-18T22:41:55","modified_gmt":"2026-03-18T20:41:55","slug":"features","status":"publish","type":"page","link":"https:\/\/stella-portal.com\/de\/features\/","title":{"rendered":"Features"},"content":{"rendered":"\r\n\r\n<section class=\"hero site-banner banner-bg-image section-default default alignfull image\">\r\n\r\n    <div class=\"site-banner-bg section-bg-image \" >\r\n\r\n        \r\n        \r\n            <div class=\"site-banner-content container\">\r\n                <div class=\"row w-100\">\r\n                    <div class=\"col-md-12\">\r\n\r\n                        <h1 class=\"hero-title\">Stella bietet eine klare und strukturierte Auswahl an Tools, mit denen Sie steuern k\u00f6nnen,  wie Dokumente ge\u00f6ffnet, genutzt und geteilt werden.<\/h1><div class=\"inner-content\">\r\n                            <div class=\"acf-innerblocks-container\">\n\n<p>Statt sich nur auf Vertrauen zu verlassen, legen Sie f\u00fcr jede Datei konkrete Regeln fest und bestimmen, wie Zusammenarbeit m\u00f6glich sein soll. Von reiner Ansicht bis zu kontrollierten Downloads und detaillierten Berechtigungen sorgt Stella daf\u00fcr, dass sensible Inhalte gesch\u00fctzt bleiben und trotzdem einfach mit den richtigen Personen geteilt werden k\u00f6nnen.<\/p>\n\n<\/div>\r\n                        <\/div>                    <\/div>\r\n                <\/div>\r\n            <\/div>\r\n        \r\n        <\/div><\/section>\n\n\n<div class=\"wp-block-columns features-heading is-layout-flex wp-container-core-columns-is-layout-9d6595d7 wp-block-columns-is-layout-flex\">\n<div class=\"wp-block-column is-layout-flow wp-block-column-is-layout-flow\">\n<h2 class=\"wp-block-heading has-text-align-right\">Features<\/h2>\n<\/div>\n<\/div>\n\n\n\r\n<div  class=\"tabs nojs wp-block horizontal  twist2-bottom\">\r\n\r\n    <nav>\r\n        <div class=\"nav nav-tabs horizontal-tablist\" id=\"nav-tab\" role=\"tablist\">\r\n        <\/div>\r\n    <\/nav>\r\n\r\n    \r\n\r\n    <div class=\"tab-content\">\n\r\n<button class=\"nav-link\" id=\"nav-sicheres-anzeigen-und-teilen-von-dateien69e760e3b041e-tab\" data-bs-toggle=\"tab\" data-bs-target=\"#nav-sicheres-anzeigen-und-teilen-von-dateien69e760e3b041e\" type=\"button\" role=\"tab\" aria-controls=\"nav-sicheres-anzeigen-und-teilen-von-dateien69e760e3b041e\" aria-selected=\"true\">Sicheres Anzeigen und Teilen von Dateien<\/button>\r\n\r\n\r\n<div class=\"tab-pane fade\" id=\"nav-sicheres-anzeigen-und-teilen-von-dateien69e760e3b041e\" role=\"tabpanel\" aria-labelledby=\"nav-sicheres-anzeigen-und-teilen-von-dateien69e760e3b041e\">\r\n    <div class=\"acf-innerblocks-container\">\n\n<div class=\"wp-block-columns are-vertically-aligned-center is-layout-flex wp-container-core-columns-is-layout-9d6595d7 wp-block-columns-is-layout-flex\">\n<div class=\"wp-block-column is-vertically-aligned-center is-layout-flow wp-block-column-is-layout-flow\">\n<h2 class=\"wp-block-heading\">Sicheres Anzeigen und Teilen von Dateien<\/h2>\n\n\n\n<p>Stella h\u00e4lt Dokumente in einer sicheren Cloud-Umgebung, in der alle Daten innerhalb der EU gespeichert und verarbeitet werden. Dateien werden \u00fcber einen kontrollierten Viewer ge\u00f6ffnet. Downloads oder Bearbeitung sind standardm\u00e4\u00dfig deaktiviert, au\u00dfer Sie erlauben sie ausdr\u00fccklich. Wasserzeichen, Blur-Schutz und Verschl\u00fcsselung stellen sicher, dass sensible Inhalte nur so genutzt werden, wie Sie es festlegen.<\/p>\n<\/div>\n\n\n\n<div class=\"wp-block-column is-vertically-aligned-center is-layout-flow wp-block-column-is-layout-flow\"><div class=\"wp-block-image\">\n<figure class=\"aligncenter size-large\"><a href=\"https:\/\/stella-portal.com\/wp-content\/uploads\/2026\/03\/picture-1-secure.png\"><img decoding=\"async\" src=\"https:\/\/stella-portal.com\/wp-content\/uploads\/2026\/03\/picture-1-secure-1024x609.png\" alt=\"\" class=\"wp-image-4541\"\/><\/a><\/figure>\n<\/div><\/div>\n<\/div>\n\n<\/div><\/div>\n\n\r\n<button class=\"nav-link\" id=\"nav-interaktive-berichte-und-dashboards69e760e3b1283-tab\" data-bs-toggle=\"tab\" data-bs-target=\"#nav-interaktive-berichte-und-dashboards69e760e3b1283\" type=\"button\" role=\"tab\" aria-controls=\"nav-interaktive-berichte-und-dashboards69e760e3b1283\" aria-selected=\"true\">Interaktive Berichte und Dashboards<\/button>\r\n\r\n\r\n<div class=\"tab-pane fade\" id=\"nav-interaktive-berichte-und-dashboards69e760e3b1283\" role=\"tabpanel\" aria-labelledby=\"nav-interaktive-berichte-und-dashboards69e760e3b1283\">\r\n    <div class=\"acf-innerblocks-container\">\n\n<div class=\"wp-block-columns are-vertically-aligned-center is-layout-flex wp-container-core-columns-is-layout-9d6595d7 wp-block-columns-is-layout-flex\">\n<div class=\"wp-block-column is-vertically-aligned-center is-layout-flow wp-block-column-is-layout-flow\">\n<h2 class=\"wp-block-heading\">Interaktive Berichte und Dashboards<\/h2>\n\n\n\n<p>Mit Stella k\u00f6nnen interaktive Berichte und Visualisierungen geteilt werden, ohne Rohdaten zu verteilen oder separate Zugriffe in Reporting-Tools zu verwalten. Power BI Reports lassen sich direkt in Stella \u00f6ffnen und nutzen. So k\u00f6nnen Anwender mit Dashboards arbeiten, ohne direkten Zugang zum zugrunde liegenden Power BI Workspace zu ben\u00f6tigen.<\/p>\n<\/div>\n\n\n\n<div class=\"wp-block-column is-vertically-aligned-center is-layout-flow wp-block-column-is-layout-flow\"><div class=\"wp-block-image\">\n<figure class=\"aligncenter size-large\"><a href=\"https:\/\/stella-portal.com\/wp-content\/uploads\/2026\/03\/picture-2-intercative-tools-and-dashboards.png\"><img decoding=\"async\" src=\"https:\/\/stella-portal.com\/wp-content\/uploads\/2026\/03\/picture-2-intercative-tools-and-dashboards-1024x609.png\" alt=\"\" class=\"wp-image-4542\"\/><\/a><\/figure>\n<\/div><\/div>\n<\/div>\n\n<\/div><\/div>\n\n\r\n<button class=\"nav-link\" id=\"nav-kommentieren-und-zusammenarbeit69e760e3b1efe-tab\" data-bs-toggle=\"tab\" data-bs-target=\"#nav-kommentieren-und-zusammenarbeit69e760e3b1efe\" type=\"button\" role=\"tab\" aria-controls=\"nav-kommentieren-und-zusammenarbeit69e760e3b1efe\" aria-selected=\"true\">Kommentieren und Zusammenarbeit<\/button>\r\n\r\n\r\n<div class=\"tab-pane fade\" id=\"nav-kommentieren-und-zusammenarbeit69e760e3b1efe\" role=\"tabpanel\" aria-labelledby=\"nav-kommentieren-und-zusammenarbeit69e760e3b1efe\">\r\n    <div class=\"acf-innerblocks-container\">\n\n<div class=\"wp-block-columns are-vertically-aligned-center is-layout-flex wp-container-core-columns-is-layout-9d6595d7 wp-block-columns-is-layout-flex\">\n<div class=\"wp-block-column is-vertically-aligned-center is-layout-flow wp-block-column-is-layout-flow\">\n<h2 class=\"wp-block-heading\">Kommentieren und Zusammenarbeit<\/h2>\n\n\n\n<p>Die Zusammenarbeit findet direkt im Dokumentviewer statt. Eingeladene Nutzer k\u00f6nnen<br>Kommentare hinterlassen, die an bestimmten Seiten oder Abschnitten haften bleiben. So<br>bleiben Diskussionen klar mit dem Inhalt verbunden. Jede Datei f\u00fchrt ihre eigene<br>Kommentarhistorie, wodurch Feedback und Nachverfolgung einfach wird.<\/p>\n<\/div>\n\n\n\n<div class=\"wp-block-column is-vertically-aligned-center is-layout-flow wp-block-column-is-layout-flow\"><div class=\"wp-block-image\">\n<figure class=\"aligncenter size-large\"><a href=\"https:\/\/stella-portal.com\/wp-content\/uploads\/2026\/03\/picture-3-comments.png\"><img decoding=\"async\" src=\"https:\/\/stella-portal.com\/wp-content\/uploads\/2026\/03\/picture-3-comments-1024x609.png\" alt=\"\" class=\"wp-image-4543\"\/><\/a><\/figure>\n<\/div><\/div>\n<\/div>\n\n<\/div><\/div>\n\n\r\n<button class=\"nav-link\" id=\"nav-nutzungsshyueberwachung-und-audit-trails69e760e3b2bee-tab\" data-bs-toggle=\"tab\" data-bs-target=\"#nav-nutzungsshyueberwachung-und-audit-trails69e760e3b2bee\" type=\"button\" role=\"tab\" aria-controls=\"nav-nutzungsshyueberwachung-und-audit-trails69e760e3b2bee\" aria-selected=\"true\">Nutzungs&shy;\u00fcberwachung und Audit-Trails<\/button>\r\n\r\n\r\n<div class=\"tab-pane fade\" id=\"nav-nutzungsshyueberwachung-und-audit-trails69e760e3b2bee\" role=\"tabpanel\" aria-labelledby=\"nav-nutzungsshyueberwachung-und-audit-trails69e760e3b2bee\">\r\n    <div class=\"acf-innerblocks-container\">\n\n<div class=\"wp-block-columns are-vertically-aligned-center is-layout-flex wp-container-core-columns-is-layout-9d6595d7 wp-block-columns-is-layout-flex\">\n<div class=\"wp-block-column is-vertically-aligned-center is-layout-flow wp-block-column-is-layout-flow\">\n<h2 class=\"wp-block-heading\">Nutzungs\u00fcberwachung und Audit-Trails<\/h2>\n\n\n\n<p>Stella bietet volle Transparenz dar\u00fcber, wie Dateien genutzt werden. Ansichten, Downloads, Bearbeitungen und Berechtigungs\u00e4nderungen werden f\u00fcr jedes Dokument protokolliert. So entsteht eine klare Audit-Spur. Diese gemeinsame Transparenz unterst\u00fctzt Verantwortlichkeit und Vertrauen beim Austausch sensibler Informationen zwischen Organisationen.<\/p>\n<\/div>\n\n\n\n<div class=\"wp-block-column is-vertically-aligned-center is-layout-flow wp-block-column-is-layout-flow\"><div class=\"wp-block-image\">\n<figure class=\"aligncenter size-large\"><a href=\"https:\/\/stella-portal.com\/wp-content\/uploads\/2026\/03\/picture-4-usage-monitoring.png\"><img decoding=\"async\" src=\"https:\/\/stella-portal.com\/wp-content\/uploads\/2026\/03\/picture-4-usage-monitoring-1024x609.png\" alt=\"\" class=\"wp-image-4544\"\/><\/a><\/figure>\n<\/div><\/div>\n<\/div>\n\n<\/div><\/div>\n\n\r\n<button class=\"nav-link\" id=\"nav-einfacher-zugang-fuer-externe-nutzer69e760e3b38ad-tab\" data-bs-toggle=\"tab\" data-bs-target=\"#nav-einfacher-zugang-fuer-externe-nutzer69e760e3b38ad\" type=\"button\" role=\"tab\" aria-controls=\"nav-einfacher-zugang-fuer-externe-nutzer69e760e3b38ad\" aria-selected=\"true\">Einfacher Zugang f\u00fcr externe Nutzer<\/button>\r\n\r\n\r\n<div class=\"tab-pane fade\" id=\"nav-einfacher-zugang-fuer-externe-nutzer69e760e3b38ad\" role=\"tabpanel\" aria-labelledby=\"nav-einfacher-zugang-fuer-externe-nutzer69e760e3b38ad\">\r\n    <div class=\"acf-innerblocks-container\">\n\n<div class=\"wp-block-columns are-vertically-aligned-center is-layout-flex wp-container-core-columns-is-layout-9d6595d7 wp-block-columns-is-layout-flex\">\n<div class=\"wp-block-column is-vertically-aligned-center is-layout-flow wp-block-column-is-layout-flow\">\n<h2 class=\"wp-block-heading\">Einfacher Zugang f\u00fcr externe Nutzer<\/h2>\n\n\n\n<p>Externe Nutzer k\u00f6nnen freigegebene Inhalte ansehen, ohne Konten erstellen oder interne Systeme anbinden zu m\u00fcssen. Dateien \u00f6ffnen sich direkt im sicheren Viewer. So bleibt Zusammenarbeit einfach, w\u00e4hrend interne Tools und Infrastruktur gesch\u00fctzt bleiben.<\/p>\n<\/div>\n\n\n\n<div class=\"wp-block-column is-vertically-aligned-center is-layout-flow wp-block-column-is-layout-flow\"><div class=\"wp-block-image\">\n<figure class=\"aligncenter size-large\"><a href=\"https:\/\/stella-portal.com\/wp-content\/uploads\/2026\/03\/picture-5-easy-access.png\"><img decoding=\"async\" src=\"https:\/\/stella-portal.com\/wp-content\/uploads\/2026\/03\/picture-5-easy-access-1024x609.png\" alt=\"\" class=\"wp-image-4545\"\/><\/a><\/figure>\n<\/div><\/div>\n<\/div>\n\n<\/div><\/div>\n\n\r\n<button class=\"nav-link\" id=\"nav-ki-gestuetzte-unterstuetzung69e760e3b42b9-tab\" data-bs-toggle=\"tab\" data-bs-target=\"#nav-ki-gestuetzte-unterstuetzung69e760e3b42b9\" type=\"button\" role=\"tab\" aria-controls=\"nav-ki-gestuetzte-unterstuetzung69e760e3b42b9\" aria-selected=\"true\">KI-gest\u00fctzte Unterst\u00fctzung<\/button>\r\n\r\n\r\n<div class=\"tab-pane fade\" id=\"nav-ki-gestuetzte-unterstuetzung69e760e3b42b9\" role=\"tabpanel\" aria-labelledby=\"nav-ki-gestuetzte-unterstuetzung69e760e3b42b9\">\r\n    <div class=\"acf-innerblocks-container\">\n\n<div class=\"wp-block-columns are-vertically-aligned-center is-layout-flex wp-container-core-columns-is-layout-9d6595d7 wp-block-columns-is-layout-flex\">\n<div class=\"wp-block-column is-vertically-aligned-center is-layout-flow wp-block-column-is-layout-flow\">\n<h2 class=\"wp-block-heading\">KI-gest\u00fctzte Unterst\u00fctzung<\/h2>\n\n\n\n<p>Stella enth\u00e4lt KI-gest\u00fctzten Support, der Nutzern hilft, Funktionen zu verstehen, Freigabeeinstellungen zu verwalten und h\u00e4ufige Fragen schnell zu kl\u00e4ren. So k\u00f6nnen sowohl interne Teams als auch externe Partner die Plattform effektiv nutzen, auch wenn es um sensible oder ungewohnte Inhalte geht.<\/p>\n<\/div>\n\n\n\n<div class=\"wp-block-column is-vertically-aligned-center is-layout-flow wp-block-column-is-layout-flow\"><div class=\"wp-block-image\">\n<figure class=\"aligncenter size-large\"><a href=\"https:\/\/stella-portal.com\/wp-content\/uploads\/2026\/03\/picture-6-ai-assistant.png\"><img decoding=\"async\" src=\"https:\/\/stella-portal.com\/wp-content\/uploads\/2026\/03\/picture-6-ai-assistant-1024x609.png\" alt=\"\" class=\"wp-image-4546\"\/><\/a><\/figure>\n<\/div><\/div>\n<\/div>\n\n<\/div><\/div>\n<\/div>\r\n\r\n<\/div>\n\n\n<div class=\"wp-block-group start-now is-style-rounded has-background\" style=\"background-color:#272727\"><div class=\"wp-block-group__inner-container is-layout-constrained wp-block-group-is-layout-constrained\">\n<h2 class=\"wp-block-heading has-text-align-left fit-text\">Teste Stella mit deinen eigenen Reports<\/h2>\n\n\n\n<div style=\"height:100px\" aria-hidden=\"true\" class=\"wp-block-spacer\"><\/div>\n\n\n\n<p class=\"has-text-align-left openstellaportallink\"><a href=\"https:\/\/app.stella-portal.com\/login\" title=\"\">30 Tage kostenlos testen. Keine Verpflichtung. <svg class=\"bi  \" width=\"1em\" height=\"1em\" fill=\"currentColor\">\r\n\t<use xlink:href=\"https:\/\/stella-portal.com\/wp-content\/themes\/luotsi2\/assets\/img\/bootstrap-icons.svg#arrow-right\" \/>\r\n<\/svg><\/a><\/p>\n<\/div><\/div>\n","protected":false},"excerpt":{"rendered":"<p>Features Teste Stella mit deinen eigenen Reports 30 Tage kostenlos testen. Keine Verpflichtung.<\/p>\n","protected":false},"author":1,"featured_media":0,"parent":0,"menu_order":2,"comment_status":"closed","ping_status":"closed","template":"","meta":{"_acf_changed":false,"footnotes":""},"class_list":["post-4469","page","type-page","status-publish","hentry"],"acf":[],"aioseo_notices":[],"_links":{"self":[{"href":"https:\/\/stella-portal.com\/de\/wp-json\/wp\/v2\/pages\/4469","targetHints":{"allow":["GET"]}}],"collection":[{"href":"https:\/\/stella-portal.com\/de\/wp-json\/wp\/v2\/pages"}],"about":[{"href":"https:\/\/stella-portal.com\/de\/wp-json\/wp\/v2\/types\/page"}],"author":[{"embeddable":true,"href":"https:\/\/stella-portal.com\/de\/wp-json\/wp\/v2\/users\/1"}],"replies":[{"embeddable":true,"href":"https:\/\/stella-portal.com\/de\/wp-json\/wp\/v2\/comments?post=4469"}],"version-history":[{"count":1,"href":"https:\/\/stella-portal.com\/de\/wp-json\/wp\/v2\/pages\/4469\/revisions"}],"predecessor-version":[{"id":4591,"href":"https:\/\/stella-portal.com\/de\/wp-json\/wp\/v2\/pages\/4469\/revisions\/4591"}],"wp:attachment":[{"href":"https:\/\/stella-portal.com\/de\/wp-json\/wp\/v2\/media?parent=4469"}],"curies":[{"name":"wp","href":"https:\/\/api.w.org\/{rel}","templated":true}]}}