{"id":4450,"date":"2026-01-14T13:31:06","date_gmt":"2026-01-14T11:31:06","guid":{"rendered":"https:\/\/stella.medialuotsidemot.fi\/?page_id=4450"},"modified":"2026-03-18T22:42:31","modified_gmt":"2026-03-18T20:42:31","slug":"pricing","status":"publish","type":"page","link":"https:\/\/stella-portal.com\/de\/pricing\/","title":{"rendered":"Preise"},"content":{"rendered":"\r\n\r\n<section class=\"hero site-banner banner-bg-image section-default default alignfull image\">\r\n\r\n    <div class=\"site-banner-bg section-bg-image \" >\r\n\r\n        \r\n        \r\n            <div class=\"site-banner-content container\">\r\n                <div class=\"row w-100\">\r\n                    <div class=\"col-md-12\">\r\n\r\n                        <h1 class=\"hero-title\">Bei Stella bezahlen Sie f\u00fcr das Recht, Inhalte zu teilen, nicht f\u00fcr das Recht, sie  anzusehen.<\/h1><div class=\"inner-content\">\r\n                            <div class=\"acf-innerblocks-container\">\n\n<p>Der Preis richtet sich nach der Gr\u00f6\u00dfe Ihres Teams. Wenn sich die Anzahl der lizenzierten Nutzer \u00e4ndert, passt sich das Abonnement automatisch an die entsprechende Preisstufe an. Ein einziges Abonnement reicht vom Einzelanwender bis zum gr\u00f6\u00dferen Team. Sie m\u00fcssen keine verschiedenen Tarife verwalten oder manuell upgraden.<\/p>\n\n<\/div>\r\n                        <\/div>                    <\/div>\r\n                <\/div>\r\n            <\/div>\r\n        \r\n        <\/div><\/section>\n\n\n<div class=\"wp-block-columns is-layout-flex wp-container-core-columns-is-layout-9d6595d7 wp-block-columns-is-layout-flex\">\n<div class=\"wp-block-column is-layout-flow wp-block-column-is-layout-flow\">\n<h2 class=\"wp-block-heading mt-0 pt-0\">Lizenzen und <br><em>Preise<\/em><\/h2>\n<\/div>\n\n\n\n<div class=\"wp-block-column is-layout-flow wp-block-column-is-layout-flow\">\n<p>Eine Lizenz ben\u00f6tigen nur Nutzer, die Dateien hochladen und verwalten.  Personen, die Inhalte lediglich ansehen, brauchen weder eine Lizenz noch ein eigenes Stella-Konto.<\/p>\n<\/div>\n<\/div>\n\n\n\n<div class=\"wp-block-group is-style-more-padding\"><div class=\"wp-block-group__inner-container is-layout-constrained wp-block-group-is-layout-constrained\">\n<div class=\"wp-block-columns is-layout-flex wp-container-core-columns-is-layout-9d6595d7 wp-block-columns-is-layout-flex\">\n<div class=\"wp-block-column is-layout-flow wp-block-column-is-layout-flow\">\n<figure class=\"wp-block-table\"><table class=\"has-white-color has-text-color has-link-color has-fixed-layout\"><thead><tr><th><strong>Funktionen<\/strong><\/th><th>Small<\/th><th>Medium<\/th><th>Large<\/th><th>Enterprise<\/th><\/tr><\/thead><tbody><tr><td>Lizenzierte Benutzer<\/td><td>1-50<\/td><td>51-200<\/td><td>201-1000<\/td><td>1000+<\/td><\/tr><tr><td>Speicher<\/td><td>1 TB<\/td><td>2 TB<\/td><td>5 TB<\/td><td>10 TB<\/td><\/tr><tr><td>Preis pro lizenziertem Benutzer<\/td><td>12\u20ac<\/td><td>10\u20ac<\/td><td>8\u20ac<\/td><td>6\u20ac<\/td><\/tr><tr><td>Power BI Freigabe<\/td><td><strong>\u2713<\/strong><\/td><td><strong>\u2713<\/strong><\/td><td><strong>\u2713<\/strong><\/td><td><strong>\u2713<\/strong><\/td><\/tr><tr><td>Sicherer Dokumenten-Viewer<\/td><td><strong>\u2713<\/strong><\/td><td><strong>\u2713<\/strong><\/td><td><strong>\u2713<\/strong><\/td><td><strong>\u2713<\/strong><\/td><\/tr><tr><td>Kommentare &amp; Notizen<\/td><td><strong>\u2713<\/strong><\/td><td><strong>\u2713<\/strong><\/td><td><strong>\u2713<\/strong><\/td><td><strong>\u2713<\/strong><\/td><\/tr><tr><td>Wasserzeichen &amp; Unsch\u00e4rfe<\/td><td><strong>\u2713<\/strong><\/td><td><strong>\u2713<\/strong><\/td><td><strong>\u2713<\/strong><\/td><td><strong>\u2713<\/strong><\/td><\/tr><tr><td>360\u00b0 Aktivit\u00e4tsprotokolle<\/td><td><strong>\u2713<\/strong><\/td><td><strong>\u2713<\/strong><\/td><td><strong>\u2713<\/strong><\/td><td><strong>\u2713<\/strong><\/td><\/tr><tr><td>SSO\/SAML (optional)<\/td><td><strong>\u2713<\/strong><\/td><td><strong>\u2713<\/strong><\/td><td><strong>\u2713<\/strong><\/td><td><strong>\u2713<\/strong><\/td><\/tr><tr><td>KI-gest\u00fctzter Kundensupport<\/td><td><strong>\u2713<\/strong><\/td><td><strong>\u2713<\/strong><\/td><td><strong>\u2713<\/strong><\/td><td><strong>\u2713<\/strong><\/td><\/tr><tr><td>EU-Datenresidenz<\/td><td><strong>\u2713<\/strong><\/td><td><strong>\u2713<\/strong><\/td><td><strong>\u2713<\/strong><\/td><td><strong>\u2713<\/strong><\/td><\/tr><\/tbody><\/table><\/figure>\n<\/div>\n<\/div>\n\n\n\n<div style=\"height:81px\" aria-hidden=\"true\" class=\"wp-block-spacer\"><\/div>\n<\/div><\/div>\n\n\n\n<div class=\"wp-block-group start-now is-style-rounded has-background\" style=\"background-color:#272727\"><div class=\"wp-block-group__inner-container is-layout-constrained wp-block-group-is-layout-constrained\">\n<h2 class=\"wp-block-heading has-text-align-left fit-text\">Teste Stella mit deinen eigenen Reports<\/h2>\n\n\n\n<div style=\"height:100px\" aria-hidden=\"true\" class=\"wp-block-spacer\"><\/div>\n\n\n\n<p class=\"has-text-align-left openstellaportallink\"><a href=\"https:\/\/app.stella-portal.com\/login\" title=\"\">30 Tage kostenlos testen. Keine Verpflichtung. <svg class=\"bi  \" width=\"1em\" height=\"1em\" fill=\"currentColor\">\r\n\t<use xlink:href=\"https:\/\/stella-portal.com\/wp-content\/themes\/luotsi2\/assets\/img\/bootstrap-icons.svg#arrow-right\" \/>\r\n<\/svg><\/a><\/p>\n<\/div><\/div>\n","protected":false},"excerpt":{"rendered":"<p>Lizenzen und Preise Eine Lizenz ben\u00f6tigen nur Nutzer, die Dateien hochladen und verwalten. Personen, die Inhalte lediglich ansehen, brauchen weder eine Lizenz noch ein eigenes Stella-Konto. Funktionen Small Medium Large Enterprise Lizenzierte Benutzer 1-50 51-200 201-1000 1000+ Speicher 1 TB 2 TB 5 TB 10 TB Preis pro lizenziertem Benutzer 12\u20ac 10\u20ac 8\u20ac 6\u20ac Power [&hellip;]<\/p>\n","protected":false},"author":1,"featured_media":0,"parent":0,"menu_order":2,"comment_status":"closed","ping_status":"closed","template":"","meta":{"_acf_changed":false,"footnotes":""},"class_list":["post-4450","page","type-page","status-publish","hentry"],"acf":[],"aioseo_notices":[],"_links":{"self":[{"href":"https:\/\/stella-portal.com\/de\/wp-json\/wp\/v2\/pages\/4450","targetHints":{"allow":["GET"]}}],"collection":[{"href":"https:\/\/stella-portal.com\/de\/wp-json\/wp\/v2\/pages"}],"about":[{"href":"https:\/\/stella-portal.com\/de\/wp-json\/wp\/v2\/types\/page"}],"author":[{"embeddable":true,"href":"https:\/\/stella-portal.com\/de\/wp-json\/wp\/v2\/users\/1"}],"replies":[{"embeddable":true,"href":"https:\/\/stella-portal.com\/de\/wp-json\/wp\/v2\/comments?post=4450"}],"version-history":[{"count":1,"href":"https:\/\/stella-portal.com\/de\/wp-json\/wp\/v2\/pages\/4450\/revisions"}],"predecessor-version":[{"id":4592,"href":"https:\/\/stella-portal.com\/de\/wp-json\/wp\/v2\/pages\/4450\/revisions\/4592"}],"wp:attachment":[{"href":"https:\/\/stella-portal.com\/de\/wp-json\/wp\/v2\/media?parent=4450"}],"curies":[{"name":"wp","href":"https:\/\/api.w.org\/{rel}","templated":true}]}}